{"id":98,"date":"2025-07-08T18:39:39","date_gmt":"2025-07-08T18:39:39","guid":{"rendered":"https:\/\/maisoncrossroads.org\/?page_id=98"},"modified":"2025-07-10T16:02:34","modified_gmt":"2025-07-10T16:02:34","slug":"devenir-membre","status":"publish","type":"page","link":"https:\/\/maisoncrossroads.org\/en\/devenir-membre\/","title":{"rendered":"Become a member"},"content":{"rendered":"<p>[et_pb_section fb_built=\u00a0\u00bb1&Prime; custom_padding_last_edited=\u00a0\u00bbon|desktop\u00a0\u00bb admin_label=\u00a0\u00bbHeader\u00a0\u00bb _builder_version=\u00a0\u00bb4.27.4&Prime; _module_preset=\u00a0\u00bbdefault\u00a0\u00bb use_background_color_gradient=\u00a0\u00bbon\u00a0\u00bb background_color_gradient_stops=\u00a0\u00bbrgba(0,65,93,0.7) 0%|rgba(141,151,169,0.53) 100%\u00a0\u00bb background_color_gradient_overlays_image=\u00a0\u00bbon\u00a0\u00bb background_image=\u00a0\u00bbhttps:\/\/maisoncrossroads.org\/wp-content\/uploads\/2025\/07\/DSC01208.jpg\u00a0\u00bb custom_padding=\u00a0\u00bb3vw||70px||false|false\u00a0\u00bb custom_padding_tablet=\u00a0\u00bb60px||||false|false\u00a0\u00bb custom_padding_phone=\u00a0\u00bb60px||||false|false\u00a0\u00bb collapsed=\u00a0\u00bbon\u00a0\u00bb global_colors_info=\u00a0\u00bb{}\u00a0\u00bb][et_pb_row _builder_version=\u00a0\u00bb4.21.0&Prime; _module_preset=\u00a0\u00bbdefault\u00a0\u00bb z_index=\u00a0\u00bb10&Prime; max_width=\u00a0\u00bbnone\u00a0\u00bb custom_padding=\u00a0\u00bb||11px|||\u00a0\u00bb global_colors_info=\u00a0\u00bb{}\u00a0\u00bb][et_pb_column type=\u00a0\u00bb4_4&Prime; _builder_version=\u00a0\u00bb4.21.0&Prime; _module_preset=\u00a0\u00bbdefault\u00a0\u00bb global_colors_info=\u00a0\u00bb{}\u00a0\u00bb][et_pb_text _builder_version=\u00a0\u00bb4.27.4&Prime; _module_preset=\u00a0\u00bb_initial\u00a0\u00bb header_font=\u00a0\u00bb&#8211;et_global_heading_font||||||||\u00a0\u00bb header_text_color=\u00a0\u00bb#FFFFFF\u00a0\u00bb header_font_size=\u00a0\u00bb80px\u00a0\u00bb text_orientation=\u00a0\u00bbright\u00a0\u00bb custom_padding=\u00a0\u00bb0px||||false|false\u00a0\u00bb animation_style=\u00a0\u00bbslide\u00a0\u00bb animation_direction=\u00a0\u00bbbottom\u00a0\u00bb hover_enabled=\u00a0\u00bb0&Prime; locked=\u00a0\u00bboff\u00a0\u00bb global_colors_info=\u00a0\u00bb{}\u00a0\u00bb header_font_size_last_edited=\u00a0\u00bbon|tablet\u00a0\u00bb sticky_enabled=\u00a0\u00bb0&Prime; header_font_size_phone=\u00a0\u00bb53px\u00a0\u00bb header_font_size_tablet=\u00a0\u00bb70px\u00a0\u00bb]<\/p>\n<h1>Devenir membre<\/h1>\n<p>[\/et_pb_text][\/et_pb_column][\/et_pb_row][et_pb_row _builder_version=\u00a0\u00bb4.21.0&Prime; _module_preset=\u00a0\u00bbdefault\u00a0\u00bb positioning=\u00a0\u00bbabsolute\u00a0\u00bb position_origin_a=\u00a0\u00bbbottom_left\u00a0\u00bb z_index=\u00a0\u00bb0&Prime; width=\u00a0\u00bb100%\u00a0\u00bb max_width=\u00a0\u00bbnone\u00a0\u00bb custom_padding=\u00a0\u00bb||0px|||\u00a0\u00bb global_colors_info=\u00a0\u00bb{}\u00a0\u00bb][et_pb_column type=\u00a0\u00bb4_4&Prime; _builder_version=\u00a0\u00bb4.21.0&Prime; _module_preset=\u00a0\u00bbdefault\u00a0\u00bb global_colors_info=\u00a0\u00bb{}\u00a0\u00bb][et_pb_image src=\u00a0\u00bbhttps:\/\/maisoncrossroads.org\/wp-content\/uploads\/2025\/07\/watercolor-divider-01.png\u00a0\u00bb title_text=\u00a0\u00bbwatercolor-divider-01&Prime; _builder_version=\u00a0\u00bb4.27.2&Prime; _module_preset=\u00a0\u00bbdefault\u00a0\u00bb global_colors_info=\u00a0\u00bb{}\u00a0\u00bb][\/et_pb_image][\/et_pb_column][\/et_pb_row][\/et_pb_section][et_pb_section fb_built=\u00a0\u00bb1&Prime; admin_label=\u00a0\u00bbHeader\u00a0\u00bb _builder_version=\u00a0\u00bb4.21.0&Prime; _module_preset=\u00a0\u00bbdefault\u00a0\u00bb background_enable_color=\u00a0\u00bboff\u00a0\u00bb custom_padding=\u00a0\u00bb||0px||false|false\u00a0\u00bb locked=\u00a0\u00bboff\u00a0\u00bb collapsed=\u00a0\u00bbon\u00a0\u00bb global_colors_info=\u00a0\u00bb{}\u00a0\u00bb][et_pb_row _builder_version=\u00a0\u00bb4.21.0&Prime; _module_preset=\u00a0\u00bbdefault\u00a0\u00bb hover_enabled=\u00a0\u00bb0&Prime; global_colors_info=\u00a0\u00bb{}\u00a0\u00bb sticky_enabled=\u00a0\u00bb0&Prime; disabled_on=\u00a0\u00bbon|on|off\u00a0\u00bb][et_pb_column type=\u00a0\u00bb4_4&Prime; _builder_version=\u00a0\u00bb4.21.0&Prime; _module_preset=\u00a0\u00bbdefault\u00a0\u00bb global_colors_info=\u00a0\u00bb{}\u00a0\u00bb][\/et_pb_column][\/et_pb_row][\/et_pb_section][et_pb_section fb_built=\u00a0\u00bb1&Prime; admin_label=\u00a0\u00bbCourse Overview\u00a0\u00bb _builder_version=\u00a0\u00bb4.21.0&Prime; _module_preset=\u00a0\u00bbdefault\u00a0\u00bb background_enable_color=\u00a0\u00bboff\u00a0\u00bb custom_padding=\u00a0\u00bb19px|||||\u00a0\u00bb locked=\u00a0\u00bboff\u00a0\u00bb collapsed=\u00a0\u00bbon\u00a0\u00bb global_colors_info=\u00a0\u00bb{}\u00a0\u00bb][et_pb_row _builder_version=\u00a0\u00bb4.21.0&Prime; _module_preset=\u00a0\u00bbdefault\u00a0\u00bb global_colors_info=\u00a0\u00bb{}\u00a0\u00bb][et_pb_column type=\u00a0\u00bb4_4&Prime; _builder_version=\u00a0\u00bb4.21.0&Prime; _module_preset=\u00a0\u00bbdefault\u00a0\u00bb global_colors_info=\u00a0\u00bb{}\u00a0\u00bb][et_pb_text _builder_version=\u00a0\u00bb4.27.4&Prime; _module_preset=\u00a0\u00bb_initial\u00a0\u00bb header_2_font=\u00a0\u00bb&#8211;et_global_body_font||||||||\u00a0\u00bb header_2_text_align=\u00a0\u00bbright\u00a0\u00bb header_2_text_color=\u00a0\u00bb#00415D\u00a0\u00bb header_2_font_size=\u00a0\u00bb45px\u00a0\u00bb text_orientation=\u00a0\u00bbcenter\u00a0\u00bb animation_style=\u00a0\u00bbslide\u00a0\u00bb animation_direction=\u00a0\u00bbbottom\u00a0\u00bb locked=\u00a0\u00bboff\u00a0\u00bb global_colors_info=\u00a0\u00bb{}\u00a0\u00bb]<\/p>\n<h2 style=\"font-weight: 400; text-align: left;\"><strong>Devenir membre de Maison Cross Roads<\/strong><\/h2>\n<p>[\/et_pb_text][et_pb_text _builder_version=\u00a0\u00bb4.27.4&Prime; _module_preset=\u00a0\u00bb_initial\u00a0\u00bb text_font_size=\u00a0\u00bb18px\u00a0\u00bb animation_style=\u00a0\u00bbslide\u00a0\u00bb animation_direction=\u00a0\u00bbbottom\u00a0\u00bb locked=\u00a0\u00bboff\u00a0\u00bb global_colors_info=\u00a0\u00bb{}\u00a0\u00bb]<\/p>\n<p><span>Maison Cross Roads joue un r\u00f4le crucial dans le domaine de la r\u00e9insertion sociocommunautaire des personnes judiciaris\u00e9es. De plus, notre Corporation est un chef de file en ce qui a trait aux services offerts aux personnes \u00e2g\u00e9es judiciaris\u00e9es.<\/p>\n<p><\/span><span>En devenant membre de la Corporation, vous participerez \u00e0 la planification et \u00e0 la mise en \u0153uvre des activit\u00e9s de notre organisme et vous encouragerez ainsi un sentiment d&rsquo;appartenance, de solidarit\u00e9 et d&rsquo;autod\u00e9termination au sein de la population locale.<\/p>\n<p><\/span><span>Maison Cross Roads cherche \u00e0 rassembler des citoyens qui partagent nos valeurs humanistes et qui ont \u00e0 c\u0153ur l\u2019humain.<\/span><br data-start=\"706\" data-end=\"709\" \/><span>Devenir membre pour la modique somme de 10\u202f$ annuellement vous permettra de soutenir nos actions. Vous serez invit\u00e9 \u00e0 participer \u00e0 notre assembl\u00e9e g\u00e9n\u00e9rale annuelle et vous aurez le droit de vote sur toute question soulev\u00e9e lors d\u2019une assembl\u00e9e g\u00e9n\u00e9rale, sp\u00e9ciale ou annuelle des membres. Vous serez tenu inform\u00e9 sur les programmes de la Corporation Maison Cross Roads et leur \u00e9volution, tout en ayant l\u2019opportunit\u00e9 de nous faire part de vos pr\u00e9occupations sur l\u2019avenir de la r\u00e9habilitation sociocommunautaire.<\/span><\/p>\n<p>[\/et_pb_text][et_pb_button button_url=\u00a0\u00bbmailto:%20info@maisoncrossroads.org\u00a0\u00bb button_text=\u00a0\u00bbDevenir membre\u00a0\u00bb button_alignment=\u00a0\u00bbcenter\u00a0\u00bb _builder_version=\u00a0\u00bb4.27.4&Prime; _module_preset=\u00a0\u00bb_initial\u00a0\u00bb custom_button=\u00a0\u00bbon\u00a0\u00bb button_text_size=\u00a0\u00bb18px\u00a0\u00bb button_text_color=\u00a0\u00bb#FFFFFF\u00a0\u00bb button_bg_color=\u00a0\u00bb#00415D\u00a0\u00bb button_border_width=\u00a0\u00bb0px\u00a0\u00bb button_border_radius=\u00a0\u00bb13px\u00a0\u00bb button_letter_spacing=\u00a0\u00bb0.1em\u00a0\u00bb button_font=\u00a0\u00bb&#8211;et_global_body_font|700|||||||\u00a0\u00bb button_icon=\u00a0\u00bb&#x24;||divi||400&Prime; custom_padding=\u00a0\u00bb12px|24px|12px|24px|false|false\u00a0\u00bb animation_style=\u00a0\u00bbslide\u00a0\u00bb animation_direction=\u00a0\u00bbbottom\u00a0\u00bb locked=\u00a0\u00bboff\u00a0\u00bb global_colors_info=\u00a0\u00bb{}\u00a0\u00bb button_bg_color__hover_enabled=\u00a0\u00bbon|desktop\u00a0\u00bb button_text_color__hover_enabled=\u00a0\u00bbon|hover\u00a0\u00bb button_bg_color__hover=\u00a0\u00bb#BEC2CC\u00a0\u00bb button_text_color__hover=\u00a0\u00bb#FFFFFF\u00a0\u00bb button_bg_enable_color__hover=\u00a0\u00bbon\u00a0\u00bb][\/et_pb_button][\/et_pb_column][\/et_pb_row][\/et_pb_section]<\/p>\n","protected":false},"excerpt":{"rendered":"<p>Devenir membreDevenir membre de Maison Cross RoadsMaison Cross Roads joue un r\u00f4le crucial dans le domaine de la r\u00e9insertion sociocommunautaire des personnes judiciaris\u00e9es. De plus, notre Corporation est un chef de file en ce qui a trait aux services offerts aux personnes \u00e2g\u00e9es judiciaris\u00e9es. En devenant membre de la Corporation, vous participerez \u00e0 la planification et \u00e0 la mise en \u0153uvre des activit\u00e9s de notre organisme et vous encouragerez ainsi un sentiment d&rsquo;appartenance, de solidarit\u00e9 et d&rsquo;autod\u00e9termination au sein de la population locale. Maison Cross Roads cherche \u00e0 rassembler des citoyens qui partagent nos valeurs humanistes et qui ont \u00e0 c\u0153ur l\u2019humain.Devenir membre pour la modique somme de 10\u202f$ annuellement vous permettra de soutenir nos actions. Vous serez invit\u00e9 \u00e0 participer \u00e0 notre assembl\u00e9e g\u00e9n\u00e9rale annuelle et vous aurez le droit de vote sur toute question soulev\u00e9e lors d\u2019une assembl\u00e9e g\u00e9n\u00e9rale, sp\u00e9ciale ou annuelle des membres. Vous serez tenu inform\u00e9 sur les programmes de la Corporation Maison Cross Roads et leur \u00e9volution, tout en ayant l\u2019opportunit\u00e9 de nous faire part de vos pr\u00e9occupations sur l\u2019avenir de la r\u00e9habilitation sociocommunautaire.<\/p>","protected":false},"author":1,"featured_media":0,"parent":0,"menu_order":0,"comment_status":"closed","ping_status":"closed","template":"","meta":{"_et_pb_use_builder":"on","_et_pb_old_content":"","_et_gb_content_width":"","footnotes":""},"class_list":["post-98","page","type-page","status-publish","hentry"],"_links":{"self":[{"href":"https:\/\/maisoncrossroads.org\/en\/wp-json\/wp\/v2\/pages\/98","targetHints":{"allow":["GET"]}}],"collection":[{"href":"https:\/\/maisoncrossroads.org\/en\/wp-json\/wp\/v2\/pages"}],"about":[{"href":"https:\/\/maisoncrossroads.org\/en\/wp-json\/wp\/v2\/types\/page"}],"author":[{"embeddable":true,"href":"https:\/\/maisoncrossroads.org\/en\/wp-json\/wp\/v2\/users\/1"}],"replies":[{"embeddable":true,"href":"https:\/\/maisoncrossroads.org\/en\/wp-json\/wp\/v2\/comments?post=98"}],"version-history":[{"count":4,"href":"https:\/\/maisoncrossroads.org\/en\/wp-json\/wp\/v2\/pages\/98\/revisions"}],"predecessor-version":[{"id":261,"href":"https:\/\/maisoncrossroads.org\/en\/wp-json\/wp\/v2\/pages\/98\/revisions\/261"}],"wp:attachment":[{"href":"https:\/\/maisoncrossroads.org\/en\/wp-json\/wp\/v2\/media?parent=98"}],"curies":[{"name":"wp","href":"https:\/\/api.w.org\/{rel}","templated":true}]}}