{"id":128,"date":"2025-07-08T18:48:14","date_gmt":"2025-07-08T18:48:14","guid":{"rendered":"https:\/\/maisoncrossroads.org\/?page_id=128"},"modified":"2025-07-10T15:51:48","modified_gmt":"2025-07-10T15:51:48","slug":"prix-joe-mell","status":"publish","type":"page","link":"https:\/\/maisoncrossroads.org\/en\/prix-joe-mell\/","title":{"rendered":"Joe Mell Award"},"content":{"rendered":"<p>[et_pb_section fb_built=\u00a0\u00bb1&Prime; custom_padding_last_edited=\u00a0\u00bbon|desktop\u00a0\u00bb admin_label=\u00a0\u00bbHeader\u00a0\u00bb _builder_version=\u00a0\u00bb4.27.4&Prime; _module_preset=\u00a0\u00bbdefault\u00a0\u00bb use_background_color_gradient=\u00a0\u00bbon\u00a0\u00bb background_color_gradient_stops=\u00a0\u00bbrgba(0,65,93,0.7) 0%|rgba(141,151,169,0.53) 100%\u00a0\u00bb background_color_gradient_overlays_image=\u00a0\u00bbon\u00a0\u00bb background_image=\u00a0\u00bbhttps:\/\/maisoncrossroads.org\/wp-content\/uploads\/2025\/07\/DSC01208.jpg\u00a0\u00bb custom_padding=\u00a0\u00bb3vw||70px||false|false\u00a0\u00bb custom_padding_tablet=\u00a0\u00bb60px||||false|false\u00a0\u00bb custom_padding_phone=\u00a0\u00bb60px||||false|false\u00a0\u00bb collapsed=\u00a0\u00bbon\u00a0\u00bb global_colors_info=\u00a0\u00bb{}\u00a0\u00bb][et_pb_row _builder_version=\u00a0\u00bb4.21.0&Prime; _module_preset=\u00a0\u00bbdefault\u00a0\u00bb z_index=\u00a0\u00bb10&Prime; max_width=\u00a0\u00bbnone\u00a0\u00bb custom_padding=\u00a0\u00bb||11px|||\u00a0\u00bb global_colors_info=\u00a0\u00bb{}\u00a0\u00bb][et_pb_column type=\u00a0\u00bb4_4&Prime; _builder_version=\u00a0\u00bb4.21.0&Prime; _module_preset=\u00a0\u00bbdefault\u00a0\u00bb global_colors_info=\u00a0\u00bb{}\u00a0\u00bb][et_pb_text _builder_version=\u00a0\u00bb4.27.4&Prime; _module_preset=\u00a0\u00bb_initial\u00a0\u00bb header_font=\u00a0\u00bb&#8211;et_global_heading_font||||||||\u00a0\u00bb header_text_color=\u00a0\u00bb#FFFFFF\u00a0\u00bb header_font_size=\u00a0\u00bb80px\u00a0\u00bb text_orientation=\u00a0\u00bbright\u00a0\u00bb custom_padding=\u00a0\u00bb0px||||false|false\u00a0\u00bb animation_style=\u00a0\u00bbslide\u00a0\u00bb animation_direction=\u00a0\u00bbbottom\u00a0\u00bb hover_enabled=\u00a0\u00bb0&Prime; locked=\u00a0\u00bboff\u00a0\u00bb global_colors_info=\u00a0\u00bb{}\u00a0\u00bb header_font_size_last_edited=\u00a0\u00bbon|tablet\u00a0\u00bb sticky_enabled=\u00a0\u00bb0&Prime; header_font_size_phone=\u00a0\u00bb53px\u00a0\u00bb header_font_size_tablet=\u00a0\u00bb70px\u00a0\u00bb]<\/p>\n<h1>Prix Joe-Mell<\/h1>\n<p>[\/et_pb_text][\/et_pb_column][\/et_pb_row][et_pb_row _builder_version=\u00a0\u00bb4.21.0&Prime; _module_preset=\u00a0\u00bbdefault\u00a0\u00bb positioning=\u00a0\u00bbabsolute\u00a0\u00bb position_origin_a=\u00a0\u00bbbottom_left\u00a0\u00bb z_index=\u00a0\u00bb0&Prime; width=\u00a0\u00bb100%\u00a0\u00bb max_width=\u00a0\u00bbnone\u00a0\u00bb custom_padding=\u00a0\u00bb||0px|||\u00a0\u00bb global_colors_info=\u00a0\u00bb{}\u00a0\u00bb][et_pb_column type=\u00a0\u00bb4_4&Prime; _builder_version=\u00a0\u00bb4.21.0&Prime; _module_preset=\u00a0\u00bbdefault\u00a0\u00bb global_colors_info=\u00a0\u00bb{}\u00a0\u00bb][et_pb_image src=\u00a0\u00bbhttps:\/\/maisoncrossroads.org\/wp-content\/uploads\/2025\/07\/watercolor-divider-01.png\u00a0\u00bb title_text=\u00a0\u00bbwatercolor-divider-01&Prime; _builder_version=\u00a0\u00bb4.27.2&Prime; _module_preset=\u00a0\u00bbdefault\u00a0\u00bb global_colors_info=\u00a0\u00bb{}\u00a0\u00bb][\/et_pb_image][\/et_pb_column][\/et_pb_row][\/et_pb_section][et_pb_section fb_built=\u00a0\u00bb1&Prime; admin_label=\u00a0\u00bbTestimonials\u00a0\u00bb module_id=\u00a0\u00bbmission\u00a0\u00bb _builder_version=\u00a0\u00bb4.27.4&Prime; _module_preset=\u00a0\u00bbdefault\u00a0\u00bb background_enable_color=\u00a0\u00bboff\u00a0\u00bb background_enable_image=\u00a0\u00bboff\u00a0\u00bb background_position=\u00a0\u00bbbottom_right\u00a0\u00bb custom_padding=\u00a0\u00bb||7px|||\u00a0\u00bb saved_tabs=\u00a0\u00bball\u00a0\u00bb collapsed=\u00a0\u00bbon\u00a0\u00bb global_colors_info=\u00a0\u00bb{%22gcid-e787f6e4-87be-4325-83ae-4380ef468485%22:%91%22background_color%22%93}\u00a0\u00bb][et_pb_row _builder_version=\u00a0\u00bb4.21.0&Prime; _module_preset=\u00a0\u00bbdefault\u00a0\u00bb custom_padding=\u00a0\u00bb||3px|||\u00a0\u00bb global_colors_info=\u00a0\u00bb{}\u00a0\u00bb][et_pb_column type=\u00a0\u00bb4_4&Prime; _builder_version=\u00a0\u00bb4.21.0&Prime; _module_preset=\u00a0\u00bbdefault\u00a0\u00bb global_colors_info=\u00a0\u00bb{}\u00a0\u00bb][et_pb_text _builder_version=\u00a0\u00bb4.27.4&Prime; _module_preset=\u00a0\u00bb_initial\u00a0\u00bb header_text_color=\u00a0\u00bb#00415D\u00a0\u00bb header_2_font=\u00a0\u00bb&#8211;et_global_body_font||||||||\u00a0\u00bb header_2_text_align=\u00a0\u00bbright\u00a0\u00bb header_2_text_color=\u00a0\u00bb#00415D\u00a0\u00bb header_2_font_size=\u00a0\u00bb45px\u00a0\u00bb text_orientation=\u00a0\u00bbcenter\u00a0\u00bb animation_style=\u00a0\u00bbslide\u00a0\u00bb animation_direction=\u00a0\u00bbbottom\u00a0\u00bb locked=\u00a0\u00bboff\u00a0\u00bb global_colors_info=\u00a0\u00bb{}\u00a0\u00bb]<\/p>\n<h2 style=\"text-align: center;\"><b>Prix Joe-Mell<\/b><\/h2>\n<p>[\/et_pb_text][et_pb_slider show_arrows=\u00a0\u00bboff\u00a0\u00bb show_pagination=\u00a0\u00bboff\u00a0\u00bb _builder_version=\u00a0\u00bb4.27.4&Prime; _module_preset=\u00a0\u00bb_initial\u00a0\u00bb header_text_color=\u00a0\u00bb#00415D\u00a0\u00bb body_text_color=\u00a0\u00bb#FFFFFF\u00a0\u00bb custom_padding=\u00a0\u00bb4px|7px|55px|5px||\u00a0\u00bb hover_enabled=\u00a0\u00bb0&Prime; locked=\u00a0\u00bboff\u00a0\u00bb global_colors_info=\u00a0\u00bb{%22gcid-4a53c4f2-10a4-4df5-aae5-66892dee9e02%22:%91%22button_bg_color%22,%22form_field_text_color%22,%22arrows_custom_color%22,%22dot_nav_custom_color%22,%22button_bg_color%22,%22form_field_text_color%22,%22arrows_custom_color%22,%22dot_nav_custom_color%22,%22button_bg_color%22,%22form_field_text_color%22,%22arrows_custom_color%22,%22dot_nav_custom_color%22,%22form_field_text_color%22,%22arrows_custom_color%22,%22dot_nav_custom_color%22%93,%22gcid-c2933ceb-9641-4d37-bb1b-61eb067d45cb%22:%91%22body_text_color%22,%22body_text_color%22%93}\u00a0\u00bb sticky_enabled=\u00a0\u00bb0&Prime;][et_pb_slide heading=\u00a0\u00bbLe prix Joe-Mell a \u00e9t\u00e9 cr\u00e9\u00e9 en octobre 2011 afin de souligner le d\u00e9vouement de M. Joe Mell envers la r\u00e9int\u00e9gration sociale des personnes ayant eu des d\u00e9m\u00eal\u00e9s avec la justice. Lors de nos assembl\u00e9es g\u00e9n\u00e9rales annuelles, le prix Joe-Mell est d\u00e9cern\u00e9 \u00e0 une personne qui, de mani\u00e8re remarquable, offre un soutien \u00e0 des personnes ayant eu des d\u00e9m\u00eal\u00e9s avec la justice et facilite leur r\u00e9insertion sociale. Cet engagement est en harmonie avec la mission et les objectifs de la Corporation Maison Cross Roads.\u00a0\u00bb _builder_version=\u00a0\u00bb4.27.4&Prime; _module_preset=\u00a0\u00bbdefault\u00a0\u00bb header_level=\u00a0\u00bbh5&Prime; header_font=\u00a0\u00bb&#8211;et_global_body_font|500|||||||\u00a0\u00bb header_text_color=\u00a0\u00bb#00415D\u00a0\u00bb header_font_size=\u00a0\u00bb21px\u00a0\u00bb header_line_height=\u00a0\u00bb1.4em\u00a0\u00bb background_color=\u00a0\u00bbRGBA(131,0,233,0)\u00a0\u00bb background_enable_color=\u00a0\u00bbon\u00a0\u00bb hover_enabled=\u00a0\u00bb0&Prime; header_text_shadow_style=\u00a0\u00bbpreset4&Prime; header_text_shadow_color=\u00a0\u00bbRGBA(131,0,233,0)\u00a0\u00bb locked=\u00a0\u00bboff\u00a0\u00bb global_colors_info=\u00a0\u00bb{}\u00a0\u00bb sticky_transition=\u00a0\u00bbon\u00a0\u00bb header_font_size_last_edited=\u00a0\u00bbon|tablet\u00a0\u00bb sticky_enabled=\u00a0\u00bb0&Prime; header_font_size_phone=\u00a0\u00bb21px\u00a0\u00bb header_font_size_tablet=\u00a0\u00bb21px\u00a0\u00bb][\/et_pb_slide][\/et_pb_slider][\/et_pb_column][\/et_pb_row][\/et_pb_section][et_pb_section fb_built=\u00a0\u00bb1&Prime; _builder_version=\u00a0\u00bb4.27.4&Prime; _module_preset=\u00a0\u00bbdefault\u00a0\u00bb custom_padding=\u00a0\u00bb3px||109px|||\u00a0\u00bb global_colors_info=\u00a0\u00bb{}\u00a0\u00bb][et_pb_row _builder_version=\u00a0\u00bb4.27.4&Prime; _module_preset=\u00a0\u00bbdefault\u00a0\u00bb global_colors_info=\u00a0\u00bb{}\u00a0\u00bb][et_pb_column type=\u00a0\u00bb4_4&Prime; _builder_version=\u00a0\u00bb4.27.4&Prime; _module_preset=\u00a0\u00bbdefault\u00a0\u00bb global_colors_info=\u00a0\u00bb{}\u00a0\u00bb][dsm_content_timeline dsm_timeline_style=\u00a0\u00bbleft\u00a0\u00bb dsm_card_arrow=\u00a0\u00bbon\u00a0\u00bb dsm_tree_animation=\u00a0\u00bbon\u00a0\u00bb dsm_pointer_bg_color=\u00a0\u00bb#00415D\u00a0\u00bb dsm_pointer_active_bg_color=\u00a0\u00bb#76B743&Prime; dsm_pointer_icon_color=\u00a0\u00bb#8D97A9&Prime; dsm_pointer_active_icon_color=\u00a0\u00bb#8D97A9&Prime; dsm_pointer_icon_font_size=\u00a0\u00bb28px\u00a0\u00bb dsm_tree_bg_color=\u00a0\u00bb#00415D\u00a0\u00bb dsm_tree_active_bg_color=\u00a0\u00bb#76B743&Prime; _builder_version=\u00a0\u00bb4.27.4&Prime; _module_preset=\u00a0\u00bbdefault\u00a0\u00bb header_text_color=\u00a0\u00bb#00415D\u00a0\u00bb header_font_size=\u00a0\u00bb27px\u00a0\u00bb content_font_size=\u00a0\u00bb18px\u00a0\u00bb custom_margin=\u00a0\u00bb15px||15px||false|false\u00a0\u00bb custom_padding=\u00a0\u00bb15px|15px|15px|15px|false|false\u00a0\u00bb animation_style=\u00a0\u00bbslide\u00a0\u00bb animation_direction=\u00a0\u00bbbottom\u00a0\u00bb animation_duration=\u00a0\u00bb1500ms\u00a0\u00bb animation_speed_curve=\u00a0\u00bbease\u00a0\u00bb global_colors_info=\u00a0\u00bb{}\u00a0\u00bb][dsm_content_timeline_child title_text=\u00a0\u00bbMC_logos-submark-bleu\u00a0\u00bb dsm_title=\u00a0\u00bb2024 | Maison Joins Toi\u00a0\u00bb dsm_use_pointer_element=\u00a0\u00bbon\u00a0\u00bb dsm_select_pointer_option=\u00a0\u00bbimage\u00a0\u00bb dsm_point_image=\u00a0\u00bbhttps:\/\/maisoncrossroads.org\/wp-content\/uploads\/2025\/07\/MC_logos-submark-bleu.png\u00a0\u00bb _builder_version=\u00a0\u00bb4.27.4&Prime; _module_preset=\u00a0\u00bbdefault\u00a0\u00bb global_colors_info=\u00a0\u00bb{}\u00a0\u00bb parent_header_level=\u00a0\u00bbh4&Prime;][\/dsm_content_timeline_child][dsm_content_timeline_child title_text=\u00a0\u00bbMC_logos-submark-bleu\u00a0\u00bb dsm_title=\u00a0\u00bb2023 | Communitas\u00a0\u00bb dsm_use_pointer_element=\u00a0\u00bbon\u00a0\u00bb dsm_select_pointer_option=\u00a0\u00bbimage\u00a0\u00bb dsm_point_image=\u00a0\u00bbhttps:\/\/maisoncrossroads.org\/wp-content\/uploads\/2025\/07\/MC_logos-submark-bleu.png\u00a0\u00bb _builder_version=\u00a0\u00bb4.27.4&Prime; _module_preset=\u00a0\u00bbdefault\u00a0\u00bb global_colors_info=\u00a0\u00bb{}\u00a0\u00bb parent_header_level=\u00a0\u00bbh4&Prime;][\/dsm_content_timeline_child][dsm_content_timeline_child title_text=\u00a0\u00bbMC_logos-submark-bleu\u00a0\u00bb dsm_title=\u00a0\u00bb2022 | Jo Ann Stacey\u00a0\u00bb dsm_use_pointer_element=\u00a0\u00bbon\u00a0\u00bb dsm_select_pointer_option=\u00a0\u00bbimage\u00a0\u00bb dsm_point_image=\u00a0\u00bbhttps:\/\/maisoncrossroads.org\/wp-content\/uploads\/2025\/07\/MC_logos-submark-bleu.png\u00a0\u00bb _builder_version=\u00a0\u00bb4.27.4&Prime; _module_preset=\u00a0\u00bbdefault\u00a0\u00bb global_colors_info=\u00a0\u00bb{}\u00a0\u00bb parent_header_level=\u00a0\u00bbh4&Prime;][\/dsm_content_timeline_child][dsm_content_timeline_child title_text=\u00a0\u00bbMC_logos-submark-bleu\u00a0\u00bb dsm_title=\u00a0\u00bb2019 | Desta\u00a0\u00bb dsm_use_pointer_element=\u00a0\u00bbon\u00a0\u00bb dsm_select_pointer_option=\u00a0\u00bbimage\u00a0\u00bb dsm_point_image=\u00a0\u00bbhttps:\/\/maisoncrossroads.org\/wp-content\/uploads\/2025\/07\/MC_logos-submark-bleu.png\u00a0\u00bb _builder_version=\u00a0\u00bb4.27.4&Prime; _module_preset=\u00a0\u00bbdefault\u00a0\u00bb global_colors_info=\u00a0\u00bb{}\u00a0\u00bb parent_header_level=\u00a0\u00bbh4&Prime;][\/dsm_content_timeline_child][dsm_content_timeline_child title_text=\u00a0\u00bbMC_logos-submark-bleu\u00a0\u00bb dsm_title=\u00a0\u00bb2017 | Michel Dunn\u00a0\u00bb dsm_use_pointer_element=\u00a0\u00bbon\u00a0\u00bb dsm_select_pointer_option=\u00a0\u00bbimage\u00a0\u00bb dsm_point_image=\u00a0\u00bbhttps:\/\/maisoncrossroads.org\/wp-content\/uploads\/2025\/07\/MC_logos-submark-bleu.png\u00a0\u00bb _builder_version=\u00a0\u00bb4.27.4&Prime; _module_preset=\u00a0\u00bbdefault\u00a0\u00bb global_colors_info=\u00a0\u00bb{}\u00a0\u00bb parent_header_level=\u00a0\u00bbh4&Prime;][\/dsm_content_timeline_child][dsm_content_timeline_child title_text=\u00a0\u00bbMC_logos-submark-bleu\u00a0\u00bb dsm_title=\u00a0\u00bb2016 | M. Andrew Forgarty\u00a0\u00bb dsm_content=\u00a0\u00bb<\/p>\n<p>Le prix a \u00e9t\u00e9 octroy\u00e9 \u00e0 M. Andrew Forgarty en reconnaissance de sa participation et de ses conseils judicieux lors de nos campagnes de financement pour amasser les fonds requis pour l\u2019installation d\u2019un ascenseur \u00e0 notre immeuble sur la rue Notre-Dame.<\/p>\n<p>\u00a0\u00bb dsm_use_pointer_element=\u00a0\u00bbon\u00a0\u00bb dsm_select_pointer_option=\u00a0\u00bbimage\u00a0\u00bb dsm_point_image=\u00a0\u00bbhttps:\/\/maisoncrossroads.org\/wp-content\/uploads\/2025\/07\/MC_logos-submark-bleu.png\u00a0\u00bb _builder_version=\u00a0\u00bb4.27.4&Prime; _module_preset=\u00a0\u00bbdefault\u00a0\u00bb global_colors_info=\u00a0\u00bb{}\u00a0\u00bb parent_header_level=\u00a0\u00bbh4&Prime;][\/dsm_content_timeline_child][dsm_content_timeline_child title_text=\u00a0\u00bbMC_logos-submark-bleu\u00a0\u00bb dsm_title=\u00a0\u00bb2015 | John et Sandy McDonaugh\u00a0\u00bb dsm_content=\u00a0\u00bb<\/p>\n<p>John et Sandy McDonaugh ont \u00e9t\u00e9 r\u00e9cipiendaires du prix pour souligner leur support et leur contribution en tant que membres de longue date au sein de notre conseil d\u2019administration.<\/p>\n<p>\u00a0\u00bb dsm_use_pointer_element=\u00a0\u00bbon\u00a0\u00bb dsm_select_pointer_option=\u00a0\u00bbimage\u00a0\u00bb dsm_point_image=\u00a0\u00bbhttps:\/\/maisoncrossroads.org\/wp-content\/uploads\/2025\/07\/MC_logos-submark-bleu.png\u00a0\u00bb _builder_version=\u00a0\u00bb4.27.4&Prime; _module_preset=\u00a0\u00bbdefault\u00a0\u00bb global_colors_info=\u00a0\u00bb{}\u00a0\u00bb parent_header_level=\u00a0\u00bbh4&Prime;][\/dsm_content_timeline_child][dsm_content_timeline_child title_text=\u00a0\u00bbMC_logos-submark-bleu\u00a0\u00bb dsm_title=\u00a0\u00bb2014 | Gilles Thibault\u00a0\u00bb dsm_content=\u00a0\u00bb<\/p>\n<p>Gilles Thibault a travaill\u00e9 au sein de la Corporation depuis 1999 en tant qu\u2019intervenant-accompagnateur pour le Service Option-Vie et en tant que coordonnateur pour le Service Oxyg\u00e8ne, o\u00f9 il a jou\u00e9 un r\u00f4le fondamental lors de la cr\u00e9ation des appartements satellites. Gilles est \u00e0 la retraite depuis 2013, mais son nom a \u00e9t\u00e9 retenu en reconnaissance de son d\u00e9vouement et du support qu\u2019il a apport\u00e9 aux clients lors de leur r\u00e9int\u00e9gration sociale.<\/p>\n<p>\u00a0\u00bb dsm_use_pointer_element=\u00a0\u00bbon\u00a0\u00bb dsm_select_pointer_option=\u00a0\u00bbimage\u00a0\u00bb dsm_point_image=\u00a0\u00bbhttps:\/\/maisoncrossroads.org\/wp-content\/uploads\/2025\/07\/MC_logos-submark-bleu.png\u00a0\u00bb _builder_version=\u00a0\u00bb4.27.4&Prime; _module_preset=\u00a0\u00bbdefault\u00a0\u00bb global_colors_info=\u00a0\u00bb{}\u00a0\u00bb parent_header_level=\u00a0\u00bbh4&Prime;][\/dsm_content_timeline_child][dsm_content_timeline_child title_text=\u00a0\u00bbMC_logos-submark-bleu\u00a0\u00bb dsm_title=\u00a0\u00bb2013 | Michel Gagnon\u00a0\u00bb dsm_content=\u00a0\u00bb<\/p>\n<p>Michel Gagnon, directeur g\u00e9n\u00e9ral, a \u00e9t\u00e9 s\u00e9lectionn\u00e9 pour le prix par le pr\u00e9sident de la Corporation. La loyaut\u00e9 de Michel envers l\u2019organisme et sa mission a \u00e9t\u00e9 illustr\u00e9e par le r\u00f4le fondamental qu\u2019il a jou\u00e9 lors de la cr\u00e9ation de programmes d\u00e9di\u00e9s \u00e0 la r\u00e9int\u00e9gration sociale.<\/p>\n<p>\u00a0\u00bb dsm_use_pointer_element=\u00a0\u00bbon\u00a0\u00bb dsm_select_pointer_option=\u00a0\u00bbimage\u00a0\u00bb dsm_point_image=\u00a0\u00bbhttps:\/\/maisoncrossroads.org\/wp-content\/uploads\/2025\/07\/MC_logos-submark-bleu.png\u00a0\u00bb _builder_version=\u00a0\u00bb4.27.4&Prime; _module_preset=\u00a0\u00bbdefault\u00a0\u00bb global_colors_info=\u00a0\u00bb{}\u00a0\u00bb parent_header_level=\u00a0\u00bbh4&Prime;][\/dsm_content_timeline_child][dsm_content_timeline_child title_text=\u00a0\u00bbMC_logos-submark-bleu\u00a0\u00bb dsm_title=\u00a0\u00bb2012 | M. Richard Lord\u00a0\u00bb dsm_content=\u00a0\u00bb<\/p>\n<p>Cr\u00e9ation du Service Oxyg\u00e8ne, pour offrir de l\u2019aide aux d\u00e9tenus \u00e2g\u00e9s (50 ans et plus) incarc\u00e9r\u00e9s dans un p\u00e9nitencier f\u00e9d\u00e9ral du Qu\u00e9bec ou qui ont \u00e9t\u00e9 lib\u00e9r\u00e9s dans la communaut\u00e9.<\/p>\n<p>\u00a0\u00bb dsm_use_pointer_element=\u00a0\u00bbon\u00a0\u00bb dsm_select_pointer_option=\u00a0\u00bbimage\u00a0\u00bb dsm_point_image=\u00a0\u00bbhttps:\/\/maisoncrossroads.org\/wp-content\/uploads\/2025\/07\/MC_logos-submark-bleu.png\u00a0\u00bb _builder_version=\u00a0\u00bb4.27.4&Prime; _module_preset=\u00a0\u00bbdefault\u00a0\u00bb global_colors_info=\u00a0\u00bb{}\u00a0\u00bb parent_header_level=\u00a0\u00bbh4&Prime;][\/dsm_content_timeline_child][dsm_content_timeline_child title_text=\u00a0\u00bbMC_logos-submark-bleu\u00a0\u00bb dsm_title=\u00a0\u00bb2011 | Jacqueline Verrette\u00a0\u00bb dsm_content=\u00a0\u00bb<\/p>\n<p>Le prix a \u00e9t\u00e9 octroy\u00e9 \u00e0 Jacqueline Verrette dont le d\u00e9vouement a aussi \u00e9t\u00e9 reconnu lorsque l\u2019un de nos appartements satellites a \u00e9t\u00e9 nomm\u00e9 en son hommage.<\/p>\n<p>\u00a0\u00bb dsm_use_pointer_element=\u00a0\u00bbon\u00a0\u00bb dsm_select_pointer_option=\u00a0\u00bbimage\u00a0\u00bb dsm_point_image=\u00a0\u00bbhttps:\/\/maisoncrossroads.org\/wp-content\/uploads\/2025\/07\/MC_logos-submark-bleu.png\u00a0\u00bb _builder_version=\u00a0\u00bb4.27.4&Prime; _module_preset=\u00a0\u00bbdefault\u00a0\u00bb global_colors_info=\u00a0\u00bb{}\u00a0\u00bb parent_header_level=\u00a0\u00bbh4&Prime;][\/dsm_content_timeline_child][\/dsm_content_timeline][\/et_pb_column][\/et_pb_row][\/et_pb_section]<\/p>\n","protected":false},"excerpt":{"rendered":"<p>Prix Joe-MellPrix Joe-Mell<div class=\"et_pb_module dsm_content_timeline dsm_content_timeline_0 et_animated\">\n\t\t\t\t\n\t\t\t\t\n\t\t\t\t\n\t\t\t\t\n\t\t\t\t\n\t\t\t\t\n\t\t\t\t<div class=\"et_pb_module_inner\">\n\t\t\t\t\t<div class=\"dsm-content-timeline-items-wrapper dsm-left\" data-tree-animation=\"on\" data-tree-animation-tablet=\"\" data-tree-animation-phone=\"\" data-image_lightbox=\"off\">\n\t\t\t<div class=\"dsm-content-timeline-tree\">\n\t\t\t\t<div class=\"dsm-content-timeline-tree-progress\"><\/div>\n\t\t\t<\/div>\n\t\t   \n\t\t<\/div>\n\t\t\n\t\t\t\t<\/div>\n\t\t\t<\/div><div class=\"dsm-content-timeline-item-wrapper dsm_content_timeline_child_0\">\n\t\t\t\t\n\t\t\t\t<div class=\"dsm-content-timeline-content-wrapper dsm_wrapper_dsm_content_timeline_child_0 dsm-visibility\">   \t\t\n\t\t\t\t\t\n\t\t\t\t\t\n\t\t\t\t\t\n\t\t\t\t\t<div class=\"dsm-timeline-content\">\n\t\t\t\t\t\t<h4 class=\"dsm-title\">2024 | Maison Joins Toi<\/h4>\n\t\t\t\t\t\t\n\t\t\t\t\t\t\n\t\t\t\t\t\t\n\t\t\t\t\t<\/div>\t\n\t\t\t\t<\/div>\n\t\t\t\t<div class=\"dsm-pointer-wrapper\">\n\t\t\t\t\t\n\t\t\t\t\t<div class=\"dsm-image\"><img decoding=\"async\" src=\"https:\/\/maisoncrossroads.org\/wp-content\/uploads\/2025\/07\/MC_logos-submark-bleu.png\"\/><\/div>\n\t\t\t\t<\/div>\n\t\t\t<\/div><div class=\"dsm-content-timeline-item-wrapper dsm_content_timeline_child_1\">\n\t\t\t\t\n\t\t\t\t<div class=\"dsm-content-timeline-content-wrapper dsm_wrapper_dsm_content_timeline_child_1 dsm-visibility\">   \t\t\n\t\t\t\t\t\n\t\t\t\t\t\n\t\t\t\t\t\n\t\t\t\t\t<div class=\"dsm-timeline-content\">\n\t\t\t\t\t\t<h4 class=\"dsm-title\">2023 | Communitas<\/h4>\n\t\t\t\t\t\t\n\t\t\t\t\t\t\n\t\t\t\t\t\t\n\t\t\t\t\t<\/div>\t\n\t\t\t\t<\/div>\n\t\t\t\t<div class=\"dsm-pointer-wrapper\">\n\t\t\t\t\t\n\t\t\t\t\t<div class=\"dsm-image\"><img decoding=\"async\" src=\"https:\/\/maisoncrossroads.org\/wp-content\/uploads\/2025\/07\/MC_logos-submark-bleu.png\"\/><\/div>\n\t\t\t\t<\/div>\n\t\t\t<\/div><div class=\"dsm-content-timeline-item-wrapper dsm_content_timeline_child_2\">\n\t\t\t\t\n\t\t\t\t<div class=\"dsm-content-timeline-content-wrapper dsm_wrapper_dsm_content_timeline_child_2 dsm-visibility\">   \t\t\n\t\t\t\t\t\n\t\t\t\t\t\n\t\t\t\t\t\n\t\t\t\t\t<div class=\"dsm-timeline-content\">\n\t\t\t\t\t\t<h4 class=\"dsm-title\">2022 | Jo Ann Stacey<\/h4>\n\t\t\t\t\t\t\n\t\t\t\t\t\t\n\t\t\t\t\t\t\n\t\t\t\t\t<\/div>\t\n\t\t\t\t<\/div>\n\t\t\t\t<div class=\"dsm-pointer-wrapper\">\n\t\t\t\t\t\n\t\t\t\t\t<div class=\"dsm-image\"><img decoding=\"async\" src=\"https:\/\/maisoncrossroads.org\/wp-content\/uploads\/2025\/07\/MC_logos-submark-bleu.png\"\/><\/div>\n\t\t\t\t<\/div>\n\t\t\t<\/div><div class=\"dsm-content-timeline-item-wrapper dsm_content_timeline_child_3\">\n\t\t\t\t\n\t\t\t\t<div class=\"dsm-content-timeline-content-wrapper dsm_wrapper_dsm_content_timeline_child_3 dsm-visibility\">   \t\t\n\t\t\t\t\t\n\t\t\t\t\t\n\t\t\t\t\t\n\t\t\t\t\t<div class=\"dsm-timeline-content\">\n\t\t\t\t\t\t<h4 class=\"dsm-title\">2019 | Desta<\/h4>\n\t\t\t\t\t\t\n\t\t\t\t\t\t\n\t\t\t\t\t\t\n\t\t\t\t\t<\/div>\t\n\t\t\t\t<\/div>\n\t\t\t\t<div class=\"dsm-pointer-wrapper\">\n\t\t\t\t\t\n\t\t\t\t\t<div class=\"dsm-image\"><img decoding=\"async\" src=\"https:\/\/maisoncrossroads.org\/wp-content\/uploads\/2025\/07\/MC_logos-submark-bleu.png\"\/><\/div>\n\t\t\t\t<\/div>\n\t\t\t<\/div><div class=\"dsm-content-timeline-item-wrapper dsm_content_timeline_child_4\">\n\t\t\t\t\n\t\t\t\t<div class=\"dsm-content-timeline-content-wrapper dsm_wrapper_dsm_content_timeline_child_4 dsm-visibility\">   \t\t\n\t\t\t\t\t\n\t\t\t\t\t\n\t\t\t\t\t\n\t\t\t\t\t<div class=\"dsm-timeline-content\">\n\t\t\t\t\t\t<h4 class=\"dsm-title\">2017 | Michel Dunn<\/h4>\n\t\t\t\t\t\t\n\t\t\t\t\t\t\n\t\t\t\t\t\t\n\t\t\t\t\t<\/div>\t\n\t\t\t\t<\/div>\n\t\t\t\t<div class=\"dsm-pointer-wrapper\">\n\t\t\t\t\t\n\t\t\t\t\t<div class=\"dsm-image\"><img decoding=\"async\" src=\"https:\/\/maisoncrossroads.org\/wp-content\/uploads\/2025\/07\/MC_logos-submark-bleu.png\"\/><\/div>\n\t\t\t\t<\/div>\n\t\t\t<\/div><div class=\"dsm-content-timeline-item-wrapper dsm_content_timeline_child_5\">\n\t\t\t\t\n\t\t\t\t<div class=\"dsm-content-timeline-content-wrapper dsm_wrapper_dsm_content_timeline_child_5 dsm-visibility\">   \t\t\n\t\t\t\t\t\n\t\t\t\t\t\n\t\t\t\t\t\n\t\t\t\t\t<div class=\"dsm-timeline-content\">\n\t\t\t\t\t\t<h4 class=\"dsm-title\">2016 | M. Andrew Forgarty<\/h4>\n\t\t\t\t\t\t<div class=\"dsm-description\">The award was presented to Mr. Andrew Forgarty in recognition of his participation and valuable advice during our fundraising campaigns, which helped raise the funds needed to install an elevator in our building on Notre-Dame Street.<\/div>\n\t\t\t\t\t\t\n\t\t\t\t\t\t\n\t\t\t\t\t<\/div>\t\n\t\t\t\t<\/div>\n\t\t\t\t<div class=\"dsm-pointer-wrapper\">\n\t\t\t\t\t\n\t\t\t\t\t<div class=\"dsm-image\"><img decoding=\"async\" src=\"https:\/\/maisoncrossroads.org\/wp-content\/uploads\/2025\/07\/MC_logos-submark-bleu.png\"\/><\/div>\n\t\t\t\t<\/div>\n\t\t\t<\/div><div class=\"dsm-content-timeline-item-wrapper dsm_content_timeline_child_6\">\n\t\t\t\t\n\t\t\t\t<div class=\"dsm-content-timeline-content-wrapper dsm_wrapper_dsm_content_timeline_child_6 dsm-visibility\">   \t\t\n\t\t\t\t\t\n\t\t\t\t\t\n\t\t\t\t\t\n\t\t\t\t\t<div class=\"dsm-timeline-content\">\n\t\t\t\t\t\t<h4 class=\"dsm-title\">2015 | John et Sandy McDonaugh<\/h4>\n\t\t\t\t\t\t<div class=\"dsm-description\">John and Sandy McDonaugh received the award in recognition of their support and contribution as long-standing members of our board of directors.<\/div>\n\t\t\t\t\t\t\n\t\t\t\t\t\t\n\t\t\t\t\t<\/div>\t\n\t\t\t\t<\/div>\n\t\t\t\t<div class=\"dsm-pointer-wrapper\">\n\t\t\t\t\t\n\t\t\t\t\t<div class=\"dsm-image\"><img decoding=\"async\" src=\"https:\/\/maisoncrossroads.org\/wp-content\/uploads\/2025\/07\/MC_logos-submark-bleu.png\"\/><\/div>\n\t\t\t\t<\/div>\n\t\t\t<\/div><div class=\"dsm-content-timeline-item-wrapper dsm_content_timeline_child_7\">\n\t\t\t\t\n\t\t\t\t<div class=\"dsm-content-timeline-content-wrapper dsm_wrapper_dsm_content_timeline_child_7 dsm-visibility\">   \t\t\n\t\t\t\t\t\n\t\t\t\t\t\n\t\t\t\t\t\n\t\t\t\t\t<div class=\"dsm-timeline-content\">\n\t\t\t\t\t\t<h4 class=\"dsm-title\">\u00bb2014<\/h4>\n\t\t\t\t\t\t<div class=\"dsm-description\">\u00bbGilles<\/div>\n\t\t\t\t\t\t\n\t\t\t\t\t\t\n\t\t\t\t\t<\/div>\t\n\t\t\t\t<\/div>\n\t\t\t\t<div class=\"dsm-pointer-wrapper\">\n\t\t\t\t\t\n\t\t\t\t\t\n\t\t\t\t<\/div>\n\t\t\t<\/div><\/p>","protected":false},"author":1,"featured_media":0,"parent":0,"menu_order":0,"comment_status":"closed","ping_status":"closed","template":"","meta":{"_et_pb_use_builder":"on","_et_pb_old_content":"","_et_gb_content_width":"","footnotes":""},"class_list":["post-128","page","type-page","status-publish","hentry"],"_links":{"self":[{"href":"https:\/\/maisoncrossroads.org\/en\/wp-json\/wp\/v2\/pages\/128","targetHints":{"allow":["GET"]}}],"collection":[{"href":"https:\/\/maisoncrossroads.org\/en\/wp-json\/wp\/v2\/pages"}],"about":[{"href":"https:\/\/maisoncrossroads.org\/en\/wp-json\/wp\/v2\/types\/page"}],"author":[{"embeddable":true,"href":"https:\/\/maisoncrossroads.org\/en\/wp-json\/wp\/v2\/users\/1"}],"replies":[{"embeddable":true,"href":"https:\/\/maisoncrossroads.org\/en\/wp-json\/wp\/v2\/comments?post=128"}],"version-history":[{"count":4,"href":"https:\/\/maisoncrossroads.org\/en\/wp-json\/wp\/v2\/pages\/128\/revisions"}],"predecessor-version":[{"id":253,"href":"https:\/\/maisoncrossroads.org\/en\/wp-json\/wp\/v2\/pages\/128\/revisions\/253"}],"wp:attachment":[{"href":"https:\/\/maisoncrossroads.org\/en\/wp-json\/wp\/v2\/media?parent=128"}],"curies":[{"name":"wp","href":"https:\/\/api.w.org\/{rel}","templated":true}]}}